{"id":2780,"date":"2024-02-15T14:34:22","date_gmt":"2024-02-15T14:34:22","guid":{"rendered":"https:\/\/lcogroup.com\/all-services\/"},"modified":"2024-07-22T16:11:06","modified_gmt":"2024-07-22T16:11:06","slug":"tous-les-services","status":"publish","type":"page","link":"https:\/\/lcogroup.com\/fr\/tous-les-services\/","title":{"rendered":"Tous les services"},"content":{"rendered":"<div class=\"wpb-content-wrapper\"><p>[vc_row][vc_column][vc_custom_heading text=\u00a0\u00bbTOUS LES SERVICES\u00a0\u00bb font_container=\u00a0\u00bbtag:h1|font_size:30px|text_align:center\u00a0\u00bb use_theme_fonts=\u00a0\u00bbyes\u00a0\u00bb css_animation=\u00a0\u00bbflipInY\u00a0\u00bb][vc_empty_space height=\u00a0\u00bb40px\u00a0\u00bb][vc_row_inner][vc_column_inner width=\u00a0\u00bb1\/2&Prime;][vc_single_image image=\u00a0\u00bb2338&Prime; img_size=\u00a0\u00bbfull\u00a0\u00bb][\/vc_column_inner][vc_column_inner width=\u00a0\u00bb1\/2&Prime;][vc_column_text]Avec un personnel accompli provenant \u00e0 la fois du c\u00f4t\u00e9 de la consultation et du c\u00f4t\u00e9 de l&rsquo;entrepreneur de l&rsquo;industrie, LCO fournit avec succ\u00e8s une vari\u00e9t\u00e9 de services aux secteurs industriel, ing\u00e9nierie, construction, financier et d\u00e9veloppement architectural de l&rsquo;industrie.<\/p>\n<p>Nous comprenons la n\u00e9cessit\u00e9 de la gestion des co\u00fbts et des contrats depuis la phase de programmation jusqu&rsquo;\u00e0 la mise en service d&rsquo;un projet. Notre personnel exp\u00e9riment\u00e9 peut vous fournir des services de gestion efficaces dans les domaines suivants :[\/vc_column_text][vc_empty_space][vc_btn title=\u00a0\u00bbService de monitorage\u00a0\u00bb style=\u00a0\u00bb3d\u00a0\u00bb size=\u00a0\u00bblg\u00a0\u00bb align=\u00a0\u00bbcenter\u00a0\u00bb button_block=\u00a0\u00bbtrue\u00a0\u00bb link=\u00a0\u00bburl:https%3A%2F%2Flcogroup.com%2Fdevsite%2Ffr%2Fservices-monitorage%2F|title:LOAN%20MONITORING%20SERVICES\u00a0\u00bb][vc_empty_space height=\u00a0\u00bb10px\u00a0\u00bb][vc_btn title=\u00a0\u00bbServices d&rsquo;estimation\u00a0\u00bb style=\u00a0\u00bb3d\u00a0\u00bb size=\u00a0\u00bblg\u00a0\u00bb align=\u00a0\u00bbcenter\u00a0\u00bb button_block=\u00a0\u00bbtrue\u00a0\u00bb link=\u00a0\u00bburl:https%3A%2F%2Flcogroup.com%2Fdevsite%2Ffr%2Fservices-estimation%2F|title:LOAN%20MONITORING%20SERVICES\u00a0\u00bb][vc_empty_space height=\u00a0\u00bb10px\u00a0\u00bb][vc_btn title=\u00a0\u00bbContr\u00f4le de projet\u00a0\u00bb style=\u00a0\u00bb3d\u00a0\u00bb size=\u00a0\u00bblg\u00a0\u00bb align=\u00a0\u00bbcenter\u00a0\u00bb button_block=\u00a0\u00bbtrue\u00a0\u00bb link=\u00a0\u00bburl:https%3A%2F%2Flcogroup.com%2Fdevsite%2Ffr%2Fcontrole-projet%2F|title:LOAN%20MONITORING%20SERVICES\u00a0\u00bb][vc_empty_space height=\u00a0\u00bb10px\u00a0\u00bb][vc_btn title=\u00a0\u00bbServices de R\u00e9clamations en Construction\u00a0\u00bb style=\u00a0\u00bb3d\u00a0\u00bb size=\u00a0\u00bblg\u00a0\u00bb align=\u00a0\u00bbcenter\u00a0\u00bb button_block=\u00a0\u00bbtrue\u00a0\u00bb link=\u00a0\u00bburl:https%3A%2F%2Flcogroup.com%2Fdevsite%2Ffr%2Fservices-reclamations-construction%2F|title:LOAN%20MONITORING%20SERVICES\u00a0\u00bb][vc_empty_space]\n<div class=\"wpcf7 no-js\" id=\"wpcf7-f2759-o1\" lang=\"en-US\" dir=\"ltr\" data-wpcf7-id=\"2759\">\n<div class=\"screen-reader-response\"><p role=\"status\" aria-live=\"polite\" aria-atomic=\"true\"><\/p> <ul><\/ul><\/div>\n<form action=\"\/fr\/wp-json\/wp\/v2\/pages\/2780#wpcf7-f2759-o1\" method=\"post\" class=\"wpcf7-form init\" aria-label=\"Contact form\" novalidate=\"novalidate\" data-status=\"init\">\n<fieldset class=\"hidden-fields-container\"><input type=\"hidden\" name=\"_wpcf7\" value=\"2759\" \/><input type=\"hidden\" name=\"_wpcf7_version\" value=\"6.1.5\" \/><input type=\"hidden\" name=\"_wpcf7_locale\" value=\"en_US\" \/><input type=\"hidden\" name=\"_wpcf7_unit_tag\" value=\"wpcf7-f2759-o1\" \/><input type=\"hidden\" name=\"_wpcf7_container_post\" value=\"0\" \/><input type=\"hidden\" name=\"_wpcf7_posted_data_hash\" value=\"\" \/><input type=\"hidden\" name=\"_wpcf7_recaptcha_response\" value=\"\" \/>\n<\/fieldset>\n<p><label> Nom:<br \/>\n<span class=\"wpcf7-form-control-wrap\" data-name=\"your-name\"><input size=\"40\" maxlength=\"400\" class=\"wpcf7-form-control wpcf7-text wpcf7-validates-as-required\" autocomplete=\"name\" aria-required=\"true\" aria-invalid=\"false\" value=\"\" type=\"text\" name=\"your-name\" \/><\/span> <\/label>\n<\/p>\n<p><label> Courriel<br \/>\n<span class=\"wpcf7-form-control-wrap\" data-name=\"courriel1\"><input size=\"40\" maxlength=\"400\" class=\"wpcf7-form-control wpcf7-text wpcf7-validates-as-required\" aria-required=\"true\" aria-invalid=\"false\" value=\"\" type=\"text\" name=\"courriel1\" \/><\/span> <\/label>\n<\/p>\n<p><label> Sujet<br \/>\n<span class=\"wpcf7-form-control-wrap\" data-name=\"your-subject\"><input size=\"40\" maxlength=\"400\" class=\"wpcf7-form-control wpcf7-text wpcf7-validates-as-required\" aria-required=\"true\" aria-invalid=\"false\" value=\"\" type=\"text\" name=\"your-subject\" \/><\/span> <\/label>\n<\/p>\n<p><label> Votre message (optional)<br \/>\n<span class=\"wpcf7-form-control-wrap\" data-name=\"your-message\"><textarea cols=\"40\" rows=\"10\" maxlength=\"2000\" class=\"wpcf7-form-control wpcf7-textarea\" aria-invalid=\"false\" name=\"your-message\"><\/textarea><\/span> <\/label>\n<\/p>\n<p><input class=\"wpcf7-form-control wpcf7-submit has-spinner\" type=\"submit\" value=\"Envoyer\" \/>\n<\/p><div class=\"wpcf7-response-output\" aria-hidden=\"true\"><\/div>\n<\/form>\n<\/div>\n[vc_empty_space][\/vc_column_inner][\/vc_row_inner][\/vc_column][\/vc_row][vc_row full_width=\u00a0\u00bbstretch_row\u00a0\u00bb content_placement=\u00a0\u00bbmiddle\u00a0\u00bb css_animation=\u00a0\u00bbbounceInRight\u00a0\u00bb css=\u00a0\u00bb.vc_custom_1718277037439{background-color: #2455bf !important;}\u00a0\u00bb][vc_column width=\u00a0\u00bb2\/3&Prime;][vc_custom_heading text=\u00a0\u00bbContactez-nous pour des conseils d&rsquo;experts.\u00a0\u00bb font_container=\u00a0\u00bbtag:h2|text_align:left|color:%23ffffff\u00a0\u00bb use_theme_fonts=\u00a0\u00bbyes\u00a0\u00bb][\/vc_column][vc_column width=\u00a0\u00bb1\/3&Prime; css=\u00a0\u00bb.vc_custom_1721656121980{padding-top: 35px !important;}\u00a0\u00bb]<a target=\"_self\" href=\"https:\/\/lcogroup.com\/fr\/nous-joindre\/\" class=\"btn bottom-button btn-sm style-1\" id=\"custom-id-0\" style=\"color: #2455bf;background-color: #ffffff;\">Contactez-nous<\/a>[vc_empty_space][\/vc_column][\/vc_row]<\/p>\n<\/div>","protected":false},"excerpt":{"rendered":"<p>[vc_row][vc_column][vc_custom_heading text=\u00a0\u00bbTOUS LES SERVICES\u00a0\u00bb font_container=\u00a0\u00bbtag:h1|font_size:30px|text_align:center\u00a0\u00bb use_theme_fonts=\u00a0\u00bbyes\u00a0\u00bb css_animation=\u00a0\u00bbflipInY\u00a0\u00bb][vc_empty_space height=\u00a0\u00bb40px\u00a0\u00bb][vc_row_inner][vc_column_inner width=\u00a0\u00bb1\/2&Prime;][vc_single_image image=\u00a0\u00bb2338&Prime; img_size=\u00a0\u00bbfull\u00a0\u00bb][\/vc_column_inner][vc_column_inner width=\u00a0\u00bb1\/2&Prime;][vc_column_text]Avec un personnel accompli provenant \u00e0 la fois du c\u00f4t\u00e9 de la consultation et du c\u00f4t\u00e9 de l&rsquo;entrepreneur de l&rsquo;industrie, LCO fournit avec succ\u00e8s une vari\u00e9t\u00e9 de services aux&#8230;<\/p>\n","protected":false},"author":1,"featured_media":0,"parent":0,"menu_order":0,"comment_status":"closed","ping_status":"closed","template":"","meta":{"footnotes":""},"class_list":["post-2780","page","type-page","status-publish","hentry"],"_links":{"self":[{"href":"https:\/\/lcogroup.com\/fr\/wp-json\/wp\/v2\/pages\/2780","targetHints":{"allow":["GET"]}}],"collection":[{"href":"https:\/\/lcogroup.com\/fr\/wp-json\/wp\/v2\/pages"}],"about":[{"href":"https:\/\/lcogroup.com\/fr\/wp-json\/wp\/v2\/types\/page"}],"author":[{"embeddable":true,"href":"https:\/\/lcogroup.com\/fr\/wp-json\/wp\/v2\/users\/1"}],"replies":[{"embeddable":true,"href":"https:\/\/lcogroup.com\/fr\/wp-json\/wp\/v2\/comments?post=2780"}],"version-history":[{"count":3,"href":"https:\/\/lcogroup.com\/fr\/wp-json\/wp\/v2\/pages\/2780\/revisions"}],"predecessor-version":[{"id":2785,"href":"https:\/\/lcogroup.com\/fr\/wp-json\/wp\/v2\/pages\/2780\/revisions\/2785"}],"wp:attachment":[{"href":"https:\/\/lcogroup.com\/fr\/wp-json\/wp\/v2\/media?parent=2780"}],"curies":[{"name":"wp","href":"https:\/\/api.w.org\/{rel}","templated":true}]}}