{"id":2778,"date":"2014-11-11T11:14:05","date_gmt":"2014-11-11T11:14:05","guid":{"rendered":"https:\/\/lcogroup.com\/about-us\/"},"modified":"2024-09-16T10:42:20","modified_gmt":"2024-09-16T10:42:20","slug":"a-propos-de-nous","status":"publish","type":"page","link":"https:\/\/lcogroup.com\/fr\/a-propos-de-nous\/","title":{"rendered":"\u00c0 propos de nous"},"content":{"rendered":"<div class=\"wpb-content-wrapper\"><p>[vc_row full_width=\u00a0\u00bbstretch_row_content\u00a0\u00bb][vc_column width=\u00a0\u00bb1\/4&Prime;][\/vc_column][vc_column width=\u00a0\u00bb1\/4&Prime;]<h1 class='heading-left  divider-sm' ><span>\u00c0 PROPOS DE NOUS<\/span><\/h1>[vc_wp_text]<span lang=\"FR-CA\">Au cours des cinq derni\u00e8res d\u00e9cennies, notre cabinet a acquis une connaissance et une exp\u00e9rience consid\u00e9rables sur divers types de projets allant de 1 million \u00e0 plus de 10 milliards de dollars, depuis leur phase conceptuelle jusqu&rsquo;\u00e0 leur phase finale de construction.<\/span><\/p>\n<p><span lang=\"FR-CA\">Nous avons jou\u00e9 un r\u00f4le cl\u00e9 dans plus de 1 000 grands projets au Canada, aux \u00c9tats-Unis et \u00e0 l&rsquo;\u00e9tranger. Notre cabinet a \u00e9t\u00e9 influent dans la r\u00e9ussite de projets tels que des usines de production d&rsquo;aluminium, des pipelines, des installations p\u00e9trochimiques, m\u00e9tallurgiques, de p\u00e2tes et papiers, de g\u00e9nie civil, des a\u00e9roports, des projets hydro\u00e9lectriques, des tunnels, des constructions institutionnelles, technologiques, touristiques, commerciales et r\u00e9sidentielles.<\/span><\/p>\n<p><span lang=\"FR-CA\">En tant que consultants ind\u00e9pendants, nous offrons la meilleure valeur pour r\u00e9pondre aux besoins de nos clients. Ainsi, nous sommes en mesure de fournir des services totalement ind\u00e9pendants et objectifs dans le meilleur int\u00e9r\u00eat de nos clients. Nous avons jou\u00e9 un r\u00f4le crucial en travaillant avec les propri\u00e9taires pour d\u00e9finir les co\u00fbts probables des projets \u00e0 la phase conceptuelle afin de r\u00e9pondre aux besoins commerciaux de nos clients en mati\u00e8re d&rsquo;estimations de co\u00fbts cr\u00e9dibles et pr\u00e9coces, avant que le p\u00e9rim\u00e8tre d\u00e9taill\u00e9 ne soit disponible.<\/span><\/p>\n<p><span lang=\"FR-CA\">De plus, notre cabinet propose des strat\u00e9gies de contractualisation innovantes permettant de r\u00e9duire les co\u00fbts globaux et d&rsquo;atteindre les objectifs de calendrier.<\/span>[\/vc_wp_text][vc_empty_space][\/vc_column][vc_column width=\u00a0\u00bb1\/4&Prime;][vc_empty_space height=\u00a0\u00bb40px\u00a0\u00bb][vc_single_image image=\u00a0\u00bb2338&Prime; img_size=\u00a0\u00bbfull\u00a0\u00bb alignment=\u00a0\u00bbcenter\u00a0\u00bb][\/vc_column][vc_column width=\u00a0\u00bb1\/4&Prime;][\/vc_column][\/vc_row][vc_row full_width=\u00a0\u00bbstretch_row\u00a0\u00bb css_animation=\u00a0\u00bbbounceInRight\u00a0\u00bb css=\u00a0\u00bb.vc_custom_1724571265981{margin-bottom: 10px !important;background-color: #2455bf !important;}\u00a0\u00bb][vc_column width=\u00a0\u00bb1\/4&Prime;][\/vc_column][vc_column width=\u00a0\u00bb1\/2&Prime;][vc_custom_heading text=\u00a0\u00bbContactez-nous pour des conseils d&rsquo;experts.\u00a0\u00bb font_container=\u00a0\u00bbtag:h2|text_align:center|color:%23ffffff\u00a0\u00bb use_theme_fonts=\u00a0\u00bbyes\u00a0\u00bb el_class=\u00a0\u00bbbottom-contact\u00a0\u00bb][vc_btn title=\u00a0\u00bbNOUS JOINDRE\u00a0\u00bb color=\u00a0\u00bbwhite\u00a0\u00bb align=\u00a0\u00bbcenter\u00a0\u00bb link=\u00a0\u00bburl:https%3A%2F%2Flcogroup.com%2Ffr%2Fnous-joindre%2F\u00a0\u00bb][\/vc_column][vc_column width=\u00a0\u00bb1\/4&Prime;][\/vc_column][\/vc_row]<\/p>\n<\/div>","protected":false},"excerpt":{"rendered":"<p>[vc_row full_width=\u00a0\u00bbstretch_row_content\u00a0\u00bb][vc_column width=\u00a0\u00bb1\/4&Prime;][\/vc_column][vc_column width=\u00a0\u00bb1\/4&Prime;][vc_wp_text]Au cours des cinq derni\u00e8res d\u00e9cennies, notre cabinet a acquis une connaissance et une exp\u00e9rience consid\u00e9rables sur divers types de projets allant de 1 million \u00e0 plus de 10 milliards de dollars, depuis leur phase conceptuelle jusqu&rsquo;\u00e0&#8230;<\/p>\n","protected":false},"author":1,"featured_media":0,"parent":0,"menu_order":0,"comment_status":"open","ping_status":"open","template":"","meta":{"footnotes":""},"class_list":["post-2778","page","type-page","status-publish","hentry"],"_links":{"self":[{"href":"https:\/\/lcogroup.com\/fr\/wp-json\/wp\/v2\/pages\/2778","targetHints":{"allow":["GET"]}}],"collection":[{"href":"https:\/\/lcogroup.com\/fr\/wp-json\/wp\/v2\/pages"}],"about":[{"href":"https:\/\/lcogroup.com\/fr\/wp-json\/wp\/v2\/types\/page"}],"author":[{"embeddable":true,"href":"https:\/\/lcogroup.com\/fr\/wp-json\/wp\/v2\/users\/1"}],"replies":[{"embeddable":true,"href":"https:\/\/lcogroup.com\/fr\/wp-json\/wp\/v2\/comments?post=2778"}],"version-history":[{"count":5,"href":"https:\/\/lcogroup.com\/fr\/wp-json\/wp\/v2\/pages\/2778\/revisions"}],"predecessor-version":[{"id":2992,"href":"https:\/\/lcogroup.com\/fr\/wp-json\/wp\/v2\/pages\/2778\/revisions\/2992"}],"wp:attachment":[{"href":"https:\/\/lcogroup.com\/fr\/wp-json\/wp\/v2\/media?parent=2778"}],"curies":[{"name":"wp","href":"https:\/\/api.w.org\/{rel}","templated":true}]}}