{"id":2773,"date":"2023-11-23T12:18:52","date_gmt":"2023-11-23T12:18:52","guid":{"rendered":"https:\/\/lcogroup.com\/project-controls\/"},"modified":"2024-09-16T10:43:21","modified_gmt":"2024-09-16T10:43:21","slug":"controle-projet","status":"publish","type":"page","link":"https:\/\/lcogroup.com\/fr\/controle-projet\/","title":{"rendered":"Contr\u00f4le de projet"},"content":{"rendered":"<div class=\"wpb-content-wrapper\"><p>[vc_row full_width=\u00a0\u00bbstretch_row_content\u00a0\u00bb][vc_column width=\u00a0\u00bb1\/4&Prime;][\/vc_column][vc_column width=\u00a0\u00bb1\/2&Prime;][vc_single_image image=\u00a0\u00bb2137&Prime; img_size=\u00a0\u00bb5000&#215;400&Prime; alignment=\u00a0\u00bbcenter\u00a0\u00bb]<h1 class='heading-middle  style-1' ><span>Contr\u00f4le de projet<\/span><\/h1>[vc_column_text]<\/p>\n<h2>Vue d&rsquo;ensemble<\/h2>\n<p>Chez LCO, nos services de contr\u00f4le de projet sont con\u00e7us pour soutenir votre projet de son initiation \u00e0 son ach\u00e8vement, garantissant qu&rsquo;il reste sur la bonne voie, dans les d\u00e9lais et dans le respect du budget. Nous sommes sp\u00e9cialis\u00e9s dans la fourniture d&rsquo;une expertise in\u00e9gal\u00e9e en mati\u00e8re de surveillance, de contr\u00f4le et d&rsquo;optimisation de vos projets, assurant le succ\u00e8s \u00e0 chaque \u00e9tape.<\/p>\n<p>Offres de services:<\/p>\n<p>Les services de contr\u00f4le de projet complets de LCO:<\/p>\n<ol>\n<li><strong> Planification et ordonnancement:<\/strong><\/li>\n<\/ol>\n<p>\u00c9laboration de calendriers de projet minutieux pour des d\u00e9lais clairs. Harmonisation des calendriers \u00e0 travers plusieurs projets. Anticipation et traitement strat\u00e9gique des retards potentiels.<\/p>\n<ol start=\"2\">\n<li><strong> Budg\u00e9tisation et contr\u00f4le des co\u00fbts:<\/strong><\/li>\n<\/ol>\n<p>\u00c9tablissement de budgets de projet rentables. Suivi vigilant des d\u00e9penses et analyse des \u00e9carts budg\u00e9taires. Mise en \u0153uvre de r\u00e9ductions de co\u00fbts intelligentes tout en maintenant la qualit\u00e9.<\/p>\n<ol start=\"3\">\n<li><strong> Gestion des risques:<\/strong><\/li>\n<\/ol>\n<p>Identification des risques et \u00e9laboration de contre-mesures robustes. Surveillance persistante des risques tout au long du projet. Conduite de discussions approfondies sur l&rsquo;\u00e9valuation des risques.<\/p>\n<ol start=\"4\">\n<li><strong> Suivi et rapport de performance:<\/strong><\/li>\n<\/ol>\n<p>\u00c9tablissement de m\u00e9triques cl\u00e9s pour mesurer l&rsquo;avancement du projet. Fourniture r\u00e9guli\u00e8re de rapports de progression perspicaces avec des conseils exploitables. Assurer une communication coh\u00e9rente et transparente avec toutes les parties impliqu\u00e9es.<\/p>\n<ol start=\"5\">\n<li><strong> Gestion des changements:<\/strong><\/li>\n<\/ol>\n<p>Enregistrement minutieux des demandes de changement et \u00e9valuation de leurs impacts. Gestion des changements pour minimiser les perturbations du projet. Int\u00e9gration transparente des changements dans les calendriers et budgets du projet.<\/p>\n<ol start=\"6\">\n<li><strong> Gestion des ressources:<\/strong><\/li>\n<\/ol>\n<p>Adaptation de l&rsquo;allocation des ressources pour r\u00e9pondre aux exigences du projet. Suivi de l&rsquo;utilisation des ressources et adaptation si n\u00e9cessaire. Am\u00e9lioration de la productivit\u00e9 et de l&rsquo;efficacit\u00e9 de l&rsquo;\u00e9quipe.<\/p>\n<p>Pourquoi choisir LCO pour vos besoins en contr\u00f4le de projet :<\/p>\n<p>Expertise prouv\u00e9e : Notre \u00e9quipe exp\u00e9riment\u00e9e a un historique de gestion de projet r\u00e9ussie dans divers secteurs. Anticipation : Nous restons \u00e0 la pointe, en abordant les d\u00e9fis de mani\u00e8re proactive et directe. Solutions sur mesure : Comprenant que chaque projet est unique, nous personnalisons notre approche pour r\u00e9pondre \u00e0 vos exigences sp\u00e9cifiques. Outils avanc\u00e9s : Utilisation de logiciels et de m\u00e9thodologies de pointe pour une efficacit\u00e9 optimale. Transparence totale : Engagement \u00e0 fournir des mises \u00e0 jour r\u00e9guli\u00e8res et compl\u00e8tes et \u00e0 maintenir des canaux de communication ouverts en tout temps.<\/p>\n<p>Engagement : Chez LCO, nous nous engageons \u00e0 \u00e9tablir les normes les plus \u00e9lev\u00e9es pour le contr\u00f4le des projets. Avec notre approche pratique, notre expertise et notre d\u00e9vouement, vous pouvez \u00eatre s\u00fbr que votre projet est entre de bonnes mains.<\/p>\n<p>Pour plus d&rsquo;informations ou pour planifier une consultation, veuillez contacter notre \u00e9quipe de services de contr\u00f4le de projet.[\/vc_column_text][vc_empty_space height=\u00a0\u00bb40px\u00a0\u00bb][\/vc_column][vc_column width=\u00a0\u00bb1\/4&Prime;][\/vc_column][\/vc_row][vc_row full_width=\u00a0\u00bbstretch_row\u00a0\u00bb css_animation=\u00a0\u00bbbounceInRight\u00a0\u00bb css=\u00a0\u00bb.vc_custom_1724571265981{margin-bottom: 10px !important;background-color: #2455bf !important;}\u00a0\u00bb][vc_column width=\u00a0\u00bb1\/4&Prime;][\/vc_column][vc_column width=\u00a0\u00bb1\/2&Prime;][vc_custom_heading text=\u00a0\u00bbContactez-nous pour des conseils d&rsquo;experts.\u00a0\u00bb font_container=\u00a0\u00bbtag:h2|text_align:center|color:%23ffffff\u00a0\u00bb use_theme_fonts=\u00a0\u00bbyes\u00a0\u00bb el_class=\u00a0\u00bbbottom-contact\u00a0\u00bb][vc_btn title=\u00a0\u00bbNOUS JOINDRE\u00a0\u00bb color=\u00a0\u00bbwhite\u00a0\u00bb align=\u00a0\u00bbcenter\u00a0\u00bb link=\u00a0\u00bburl:https%3A%2F%2Flcogroup.com%2Ffr%2Fnous-joindre%2F\u00a0\u00bb][\/vc_column][vc_column width=\u00a0\u00bb1\/4&Prime;][\/vc_column][\/vc_row]<\/p>\n<\/div>","protected":false},"excerpt":{"rendered":"<p>[vc_row full_width=\u00a0\u00bbstretch_row_content\u00a0\u00bb][vc_column width=\u00a0\u00bb1\/4&Prime;][\/vc_column][vc_column width=\u00a0\u00bb1\/2&Prime;][vc_single_image image=\u00a0\u00bb2137&Prime; img_size=\u00a0\u00bb5000&#215;400&Prime; alignment=\u00a0\u00bbcenter\u00a0\u00bb][vc_column_text] Vue d&rsquo;ensemble Chez LCO, nos services de contr\u00f4le de projet sont con\u00e7us pour soutenir votre projet de son initiation \u00e0 son ach\u00e8vement, garantissant qu&rsquo;il reste sur la bonne voie, dans les d\u00e9lais et&#8230;<\/p>\n","protected":false},"author":1,"featured_media":0,"parent":0,"menu_order":0,"comment_status":"closed","ping_status":"closed","template":"","meta":{"footnotes":""},"class_list":["post-2773","page","type-page","status-publish","hentry"],"_links":{"self":[{"href":"https:\/\/lcogroup.com\/fr\/wp-json\/wp\/v2\/pages\/2773","targetHints":{"allow":["GET"]}}],"collection":[{"href":"https:\/\/lcogroup.com\/fr\/wp-json\/wp\/v2\/pages"}],"about":[{"href":"https:\/\/lcogroup.com\/fr\/wp-json\/wp\/v2\/types\/page"}],"author":[{"embeddable":true,"href":"https:\/\/lcogroup.com\/fr\/wp-json\/wp\/v2\/users\/1"}],"replies":[{"embeddable":true,"href":"https:\/\/lcogroup.com\/fr\/wp-json\/wp\/v2\/comments?post=2773"}],"version-history":[{"count":12,"href":"https:\/\/lcogroup.com\/fr\/wp-json\/wp\/v2\/pages\/2773\/revisions"}],"predecessor-version":[{"id":2995,"href":"https:\/\/lcogroup.com\/fr\/wp-json\/wp\/v2\/pages\/2773\/revisions\/2995"}],"wp:attachment":[{"href":"https:\/\/lcogroup.com\/fr\/wp-json\/wp\/v2\/media?parent=2773"}],"curies":[{"name":"wp","href":"https:\/\/api.w.org\/{rel}","templated":true}]}}