{"id":2769,"date":"2023-11-16T11:51:06","date_gmt":"2023-11-16T11:51:06","guid":{"rendered":"https:\/\/lcogroup.com\/estimating-services\/"},"modified":"2024-09-16T10:43:01","modified_gmt":"2024-09-16T10:43:01","slug":"services-estimation","status":"publish","type":"page","link":"https:\/\/lcogroup.com\/fr\/services-estimation\/","title":{"rendered":"Services d&rsquo;estimation"},"content":{"rendered":"<div class=\"wpb-content-wrapper\"><p>[vc_row full_width=\u00a0\u00bbstretch_row_content\u00a0\u00bb equal_height=\u00a0\u00bbyes\u00a0\u00bb content_placement=\u00a0\u00bbmiddle\u00a0\u00bb][vc_column][vc_single_image image=\u00a0\u00bb2086&Prime; img_size=\u00a0\u00bb4000&#215;400&Prime; alignment=\u00a0\u00bbcenter\u00a0\u00bb][vc_custom_heading text=\u00a0\u00bbServices d&rsquo;estimation\u00a0\u00bb font_container=\u00a0\u00bbtag:h1|text_align:center\u00a0\u00bb use_theme_fonts=\u00a0\u00bbyes\u00a0\u00bb][\/vc_column][\/vc_row][vc_row][vc_column][vc_custom_heading text=\u00a0\u00bbVue d&rsquo;ensemble:\u00a0\u00bb use_theme_fonts=\u00a0\u00bbyes\u00a0\u00bb css_animation=\u00a0\u00bblightSpeedIn\u00a0\u00bb][vc_column_text]<span lang=\"FR-CA\">LCO est reconnue comme une firme de premier plan en gestion des co\u00fbts de construction, offrant des \u00e9valuations \u00e9quitables de la valeur marchande pour une large gamme de projets de construction. Notre \u00e9quipe, riche en estimateurs seniors, excelle dans les projets de construction lourde et industrielle. En plus de cela, nous poss\u00e9dons \u00e9galement une expertise significative dans la construction de b\u00e2timents, les travaux institutionnels, publics et priv\u00e9s, ce qui met en \u00e9vidence nos capacit\u00e9s \u00e9tendues dans le secteur de la construction.<\/span>[\/vc_column_text][\/vc_column][\/vc_row][vc_row][vc_column width=\u00a0\u00bb1\/2&Prime;][vc_custom_heading text=\u00a0\u00bbExp\u00e9rience et technologie:\u00a0\u00bb use_theme_fonts=\u00a0\u00bbyes\u00a0\u00bb css_animation=\u00a0\u00bblightSpeedIn\u00a0\u00bb][vc_column_text]<span lang=\"FR-CA\">Avec une vaste exp\u00e9rience dans des projets de grande envergure, allant des pipelines aux autoroutes, LCO est dot\u00e9e de logiciels de pointe pour l&rsquo;estimation et la planification. Cela assure des estimations pr\u00e9cises qui s&rsquo;affinent au fur et \u00e0 mesure que les d\u00e9tails techniques \u00e9voluent.<\/span>[\/vc_column_text][vc_empty_space height=\u00a0\u00bb27px\u00a0\u00bb][vc_custom_heading text=\u00a0\u00bbDonn\u00e9es \u00e9tendues:\u00a0\u00bb use_theme_fonts=\u00a0\u00bbyes\u00a0\u00bb css_animation=\u00a0\u00bblightSpeedIn\u00a0\u00bb][vc_column_text]<span lang=\"FR-CA\">Nous avons accumul\u00e9 une riche base de donn\u00e9es \u00e0 travers diverses g\u00e9ographies et conditions m\u00e9t\u00e9orologiques, en construisant des milliers de kilom\u00e8tres d&rsquo;infrastructures vari\u00e9es. Cette richesse de connaissances, combin\u00e9e \u00e0 notre \u00e9quipe de 25 ing\u00e9nieurs, techniciens et consultants, garantit des estimations pr\u00e9cises adapt\u00e9es aux besoins des clients.<\/span>[\/vc_column_text][\/vc_column][vc_column width=\u00a0\u00bb1\/2&Prime;][vc_custom_heading text=\u00a0\u00bbConsid\u00e9rations d&rsquo;estimation:\u00a0\u00bb use_theme_fonts=\u00a0\u00bbyes\u00a0\u00bb css_animation=\u00a0\u00bblightSpeedIn\u00a0\u00bb][vc_column_text]<span lang=\"FR-CA\">Notre approche holistique comprend :<br \/>\n\u2013 La s\u00e9curit\u00e9, l&rsquo;environnement et les sp\u00e9cificit\u00e9s du site.<br \/>\n\u2013 Les facteurs relatifs \u00e0 la main-d&rsquo;\u0153uvre, aux \u00e9quipements et aux ressources.<br \/>\n\u2013 Les conditions du projet, le calendrier et la disponibilit\u00e9 des mati\u00e8res premi\u00e8res.<\/span>[\/vc_column_text][vc_custom_heading text=\u00a0\u00bbM\u00e9thodologie d&rsquo;estimation:\u00a0\u00bb use_theme_fonts=\u00a0\u00bbyes\u00a0\u00bb css_animation=\u00a0\u00bblightSpeedIn\u00a0\u00bb][vc_column_text]Chaque activit\u00e9 de construction fait l&rsquo;objet d&rsquo;une analyse minutieuse, prenant en compte les co\u00fbts directs, indirects et les facteurs de risque. Des d\u00e9compositions d\u00e9taill\u00e9es des co\u00fbts aux \u00e9valuations des quantit\u00e9s, nous consid\u00e9rons chaque d\u00e9tail.[\/vc_column_text][\/vc_column][\/vc_row][vc_row][vc_column width=\u00a0\u00bb1\/4&Prime;][\/vc_column][vc_column width=\u00a0\u00bb1\/2&Prime;][vc_custom_heading text=\u00a0\u00bbAvantage client:\u00a0\u00bb use_theme_fonts=\u00a0\u00bbyes\u00a0\u00bb css_animation=\u00a0\u00bblightSpeedIn\u00a0\u00bb][vc_column_text]<span lang=\"FR-CA\">Choisir LCO signifie obtenir des \u00e9valuations impartiales. Nous sommes d\u00e9di\u00e9s \u00e0 la gestion des risques du projet, de son initiation \u00e0 sa cl\u00f4ture. Sans affiliation avec des entreprises de construction ou d&rsquo;ing\u00e9nierie, notre seul objectif est de servir au mieux les int\u00e9r\u00eats du propri\u00e9taire.<\/span><\/p>\n<p><strong><span lang=\"FR-CA\">Pour plus d&rsquo;informations ou pour planifier une consultation, veuillez contacter notre \u00e9quipe de services d&rsquo;estimation.<\/span><\/strong>[\/vc_column_text][vc_empty_space][\/vc_column][vc_column width=\u00a0\u00bb1\/4&Prime;][\/vc_column][\/vc_row][vc_row full_width=\u00a0\u00bbstretch_row\u00a0\u00bb css_animation=\u00a0\u00bbbounceInRight\u00a0\u00bb css=\u00a0\u00bb.vc_custom_1724571265981{margin-bottom: 10px !important;background-color: #2455bf !important;}\u00a0\u00bb][vc_column width=\u00a0\u00bb1\/4&Prime;][\/vc_column][vc_column width=\u00a0\u00bb1\/2&Prime;][vc_custom_heading text=\u00a0\u00bbContactez-nous pour des conseils d&rsquo;experts.\u00a0\u00bb font_container=\u00a0\u00bbtag:h2|text_align:center|color:%23ffffff\u00a0\u00bb use_theme_fonts=\u00a0\u00bbyes\u00a0\u00bb el_class=\u00a0\u00bbbottom-contact\u00a0\u00bb][vc_btn title=\u00a0\u00bbNOUS JOINDRE\u00a0\u00bb color=\u00a0\u00bbwhite\u00a0\u00bb align=\u00a0\u00bbcenter\u00a0\u00bb link=\u00a0\u00bburl:https%3A%2F%2Flcogroup.com%2Ffr%2Fnous-joindre%2F\u00a0\u00bb][\/vc_column][vc_column width=\u00a0\u00bb1\/4&Prime;][\/vc_column][\/vc_row]<\/p>\n<\/div>","protected":false},"excerpt":{"rendered":"<p>[vc_row full_width=\u00a0\u00bbstretch_row_content\u00a0\u00bb equal_height=\u00a0\u00bbyes\u00a0\u00bb content_placement=\u00a0\u00bbmiddle\u00a0\u00bb][vc_column][vc_single_image image=\u00a0\u00bb2086&Prime; img_size=\u00a0\u00bb4000&#215;400&Prime; alignment=\u00a0\u00bbcenter\u00a0\u00bb][vc_custom_heading text=\u00a0\u00bbServices d&rsquo;estimation\u00a0\u00bb font_container=\u00a0\u00bbtag:h1|text_align:center\u00a0\u00bb use_theme_fonts=\u00a0\u00bbyes\u00a0\u00bb][\/vc_column][\/vc_row][vc_row][vc_column][vc_custom_heading text=\u00a0\u00bbVue d&rsquo;ensemble:\u00a0\u00bb use_theme_fonts=\u00a0\u00bbyes\u00a0\u00bb css_animation=\u00a0\u00bblightSpeedIn\u00a0\u00bb][vc_column_text]LCO est reconnue comme une firme de premier plan en gestion des co\u00fbts de construction, offrant des \u00e9valuations \u00e9quitables de la valeur marchande pour une large&#8230;<\/p>\n","protected":false},"author":1,"featured_media":0,"parent":0,"menu_order":0,"comment_status":"closed","ping_status":"closed","template":"","meta":{"footnotes":""},"class_list":["post-2769","page","type-page","status-publish","hentry"],"_links":{"self":[{"href":"https:\/\/lcogroup.com\/fr\/wp-json\/wp\/v2\/pages\/2769","targetHints":{"allow":["GET"]}}],"collection":[{"href":"https:\/\/lcogroup.com\/fr\/wp-json\/wp\/v2\/pages"}],"about":[{"href":"https:\/\/lcogroup.com\/fr\/wp-json\/wp\/v2\/types\/page"}],"author":[{"embeddable":true,"href":"https:\/\/lcogroup.com\/fr\/wp-json\/wp\/v2\/users\/1"}],"replies":[{"embeddable":true,"href":"https:\/\/lcogroup.com\/fr\/wp-json\/wp\/v2\/comments?post=2769"}],"version-history":[{"count":12,"href":"https:\/\/lcogroup.com\/fr\/wp-json\/wp\/v2\/pages\/2769\/revisions"}],"predecessor-version":[{"id":2994,"href":"https:\/\/lcogroup.com\/fr\/wp-json\/wp\/v2\/pages\/2769\/revisions\/2994"}],"wp:attachment":[{"href":"https:\/\/lcogroup.com\/fr\/wp-json\/wp\/v2\/media?parent=2769"}],"curies":[{"name":"wp","href":"https:\/\/api.w.org\/{rel}","templated":true}]}}