{"id":2757,"date":"2014-11-11T11:14:30","date_gmt":"2014-11-11T11:14:30","guid":{"rendered":"https:\/\/lcogroup.com\/contact-us\/"},"modified":"2024-08-13T12:19:24","modified_gmt":"2024-08-13T12:19:24","slug":"nous-joindre","status":"publish","type":"page","link":"https:\/\/lcogroup.com\/fr\/nous-joindre\/","title":{"rendered":"Nous joindre"},"content":{"rendered":"<div class=\"wpb-content-wrapper\"><p>[vc_row css=\u00a0\u00bb.vc_custom_1418807519392{margin-top: 20px !important;}\u00a0\u00bb has_content=\u00a0\u00bbtrue\u00a0\u00bb][vc_column width=\u00a0\u00bb2\/3&Prime;]<h4 class='heading-content  style-1' ><span>CONTACTEZ-NOUS<\/span><\/h4>[vc_empty_space height=\u00a0\u00bb15px\u00a0\u00bb][vc_column_text]Avec les 50 ans d&rsquo;exp\u00e9rience de LCO, laissez-nous trouver la meilleure solution pour vous. Contactez-nous ou remplissez simplement le formulaire ci-dessous et nos professionnels exp\u00e9riment\u00e9s vous r\u00e9pondront dans les heures qui suivent.[\/vc_column_text][vc_empty_space height=\u00a0\u00bb30px\u00a0\u00bb]\n<div class=\"wpcf7 no-js\" id=\"wpcf7-f2759-o1\" lang=\"en-US\" dir=\"ltr\" data-wpcf7-id=\"2759\">\n<div class=\"screen-reader-response\"><p role=\"status\" aria-live=\"polite\" aria-atomic=\"true\"><\/p> <ul><\/ul><\/div>\n<form action=\"\/fr\/wp-json\/wp\/v2\/pages\/2757#wpcf7-f2759-o1\" method=\"post\" class=\"wpcf7-form init\" aria-label=\"Contact form\" novalidate=\"novalidate\" data-status=\"init\">\n<fieldset class=\"hidden-fields-container\"><input type=\"hidden\" name=\"_wpcf7\" value=\"2759\" \/><input type=\"hidden\" name=\"_wpcf7_version\" value=\"6.1.5\" \/><input type=\"hidden\" name=\"_wpcf7_locale\" value=\"en_US\" \/><input type=\"hidden\" name=\"_wpcf7_unit_tag\" value=\"wpcf7-f2759-o1\" \/><input type=\"hidden\" name=\"_wpcf7_container_post\" value=\"0\" \/><input type=\"hidden\" name=\"_wpcf7_posted_data_hash\" value=\"\" \/><input type=\"hidden\" name=\"_wpcf7_recaptcha_response\" value=\"\" \/>\n<\/fieldset>\n<p><label> Nom:<br \/>\n<span class=\"wpcf7-form-control-wrap\" data-name=\"your-name\"><input size=\"40\" maxlength=\"400\" class=\"wpcf7-form-control wpcf7-text wpcf7-validates-as-required\" autocomplete=\"name\" aria-required=\"true\" aria-invalid=\"false\" value=\"\" type=\"text\" name=\"your-name\" \/><\/span> <\/label>\n<\/p>\n<p><label> Courriel<br \/>\n<span class=\"wpcf7-form-control-wrap\" data-name=\"courriel1\"><input size=\"40\" maxlength=\"400\" class=\"wpcf7-form-control wpcf7-text wpcf7-validates-as-required\" aria-required=\"true\" aria-invalid=\"false\" value=\"\" type=\"text\" name=\"courriel1\" \/><\/span> <\/label>\n<\/p>\n<p><label> Sujet<br \/>\n<span class=\"wpcf7-form-control-wrap\" data-name=\"your-subject\"><input size=\"40\" maxlength=\"400\" class=\"wpcf7-form-control wpcf7-text wpcf7-validates-as-required\" aria-required=\"true\" aria-invalid=\"false\" value=\"\" type=\"text\" name=\"your-subject\" \/><\/span> <\/label>\n<\/p>\n<p><label> Votre message (optional)<br \/>\n<span class=\"wpcf7-form-control-wrap\" data-name=\"your-message\"><textarea cols=\"40\" rows=\"10\" maxlength=\"2000\" class=\"wpcf7-form-control wpcf7-textarea\" aria-invalid=\"false\" name=\"your-message\"><\/textarea><\/span> <\/label>\n<\/p>\n<p><input class=\"wpcf7-form-control wpcf7-submit has-spinner\" type=\"submit\" value=\"Envoyer\" \/>\n<\/p><div class=\"wpcf7-response-output\" aria-hidden=\"true\"><\/div>\n<\/form>\n<\/div>\n[vc_empty_space height=\u00a0\u00bb50px\u00a0\u00bb][\/vc_column][vc_column width=\u00a0\u00bb1\/3&Prime;][vc_single_image image=\u00a0\u00bb2122&Prime; img_size=\u00a0\u00bbmedium\u00a0\u00bb]<h4 class='heading-content  style-1' ><span>COORDONN\u00c9ES<\/span><\/h4>[vc_empty_space height=\u00a0\u00bb15px\u00a0\u00bb][vc_column_text]<strong>LCO \u2013 Construction and Management Consultants Inc.<\/strong><br \/>\n3500, boulevard de Maisonneuve O.<br \/>\n2 Place Alexis Nihon, bureau 1290<br \/>\nWestmount, Qu\u00e9bec<\/p>\n<p><strong>T\u00e9l\u00e9phone<\/strong>: +1 514-846-8914<br \/>\n<strong>Fax<\/strong>: +1 514-846-8913<br \/>\n<strong>Courriel<\/strong>: info@lcogroup.com<br \/>\n<strong>Site web<\/strong>: www.lcogroup.com<\/p>\n<p><strong>Ottawa<\/strong><br \/>\n280, rue Albert Bureau 301<br \/>\nOttawa, Ontario<br \/>\n<strong>T\u00e9l:<\/strong> (613) 233 2928<br \/>\n<strong>Fax<\/strong> (613) 233-4963[\/vc_column_text][vc_empty_space height=\u00a0\u00bb15px\u00a0\u00bb][\/vc_column][\/vc_row][vc_row content_placement=\u00a0\u00bbmiddle\u00a0\u00bb has_content=\u00a0\u00bbfalse\u00a0\u00bb css=\u00a0\u00bb.vc_custom_1710490334667{margin-bottom: 60px !important;}\u00a0\u00bb][vc_column][vc_raw_html]JTNDaWZyYW1lJTIwc3JjJTNEJTIyaHR0cHMlM0ElMkYlMkZ3d3cuZ29vZ2xlLmNvbSUyRm1hcHMlMkZlbWJlZCUzRnBiJTNEJTIxMW0xNCUyMTFtOCUyMTFtMyUyMTFkMTExODcuNzMxOTg3MjQ3OTElMjEyZC03My41ODA4MDQ0JTIxM2Q0NS40OTEyOTQlMjEzbTIlMjExaTEwMjQlMjEyaTc2OCUyMTRmMTMuMSUyMTNtMyUyMTFtMiUyMTFzMHg0Y2M5MWE2ZDRlZThjMmE1JTI1M0EweDEwODY3NmFmMzQ1OTZiNTklMjEyczM1MDAlMjUyMEJsdmQuJTI1MjBEZSUyNTIwTWFpc29ubmV1dmUlMjUyME91ZXN0JTI1MkMlMjUyMFdlc3Rtb3VudCUyNTJDJTI1MjBRQyUyNTIwSDNaJTI1MjAzQzElMjUyQyUyNTIwQ2FuYWRhJTIxNWUwJTIxM20yJTIxMXNmciUyMTJzbGIlMjE0djE3MjE2NjA0MzY3OTYlMjE1bTIlMjExc2ZyJTIxMnNsYiUyMiUyMHdpZHRoJTNEJTIyMTIwMCUyMiUyMGhlaWdodCUzRCUyMjQ1MCUyMiUyMHN0eWxlJTNEJTIyYm9yZGVyJTNBMCUzQiUyMiUyMGFsbG93ZnVsbHNjcmVlbiUzRCUyMiUyMiUyMGxvYWRpbmclM0QlMjJsYXp5JTIyJTIwcmVmZXJyZXJwb2xpY3klM0QlMjJuby1yZWZlcnJlci13aGVuLWRvd25ncmFkZSUyMiUzRSUzQyUyRmlmcmFtZSUzRQ==[\/vc_raw_html][\/vc_column][\/vc_row]<\/p>\n<\/div>","protected":false},"excerpt":{"rendered":"<p>[vc_row css=\u00a0\u00bb.vc_custom_1418807519392{margin-top: 20px !important;}\u00a0\u00bb has_content=\u00a0\u00bbtrue\u00a0\u00bb][vc_column width=\u00a0\u00bb2\/3&Prime;][vc_empty_space height=\u00a0\u00bb15px\u00a0\u00bb][vc_column_text]Avec les 50 ans d&rsquo;exp\u00e9rience de LCO, laissez-nous trouver la meilleure solution pour vous. Contactez-nous ou remplissez simplement le formulaire ci-dessous et nos professionnels exp\u00e9riment\u00e9s vous r\u00e9pondront dans les heures qui suivent.[\/vc_column_text][vc_empty_space height=\u00a0\u00bb30px\u00a0\u00bb][vc_empty_space height=\u00a0\u00bb50px\u00a0\u00bb][\/vc_column][vc_column&#8230;<\/p>\n","protected":false},"author":1,"featured_media":0,"parent":0,"menu_order":0,"comment_status":"open","ping_status":"open","template":"","meta":{"footnotes":""},"class_list":["post-2757","page","type-page","status-publish","hentry"],"_links":{"self":[{"href":"https:\/\/lcogroup.com\/fr\/wp-json\/wp\/v2\/pages\/2757","targetHints":{"allow":["GET"]}}],"collection":[{"href":"https:\/\/lcogroup.com\/fr\/wp-json\/wp\/v2\/pages"}],"about":[{"href":"https:\/\/lcogroup.com\/fr\/wp-json\/wp\/v2\/types\/page"}],"author":[{"embeddable":true,"href":"https:\/\/lcogroup.com\/fr\/wp-json\/wp\/v2\/users\/1"}],"replies":[{"embeddable":true,"href":"https:\/\/lcogroup.com\/fr\/wp-json\/wp\/v2\/comments?post=2757"}],"version-history":[{"count":7,"href":"https:\/\/lcogroup.com\/fr\/wp-json\/wp\/v2\/pages\/2757\/revisions"}],"predecessor-version":[{"id":2913,"href":"https:\/\/lcogroup.com\/fr\/wp-json\/wp\/v2\/pages\/2757\/revisions\/2913"}],"wp:attachment":[{"href":"https:\/\/lcogroup.com\/fr\/wp-json\/wp\/v2\/media?parent=2757"}],"curies":[{"name":"wp","href":"https:\/\/api.w.org\/{rel}","templated":true}]}}