{"id":2712,"date":"2024-02-15T14:21:00","date_gmt":"2024-02-15T14:21:00","guid":{"rendered":"https:\/\/lcogroup.com\/our-company-benefits\/"},"modified":"2024-09-16T10:44:51","modified_gmt":"2024-09-16T10:44:51","slug":"notre-entreprise-avantages","status":"publish","type":"page","link":"https:\/\/lcogroup.com\/fr\/notre-entreprise-avantages\/","title":{"rendered":"Notre Entreprise et Avantages"},"content":{"rendered":"<div class=\"wpb-content-wrapper\"><p>[vc_row][vc_column][vc_single_image image=\u00a0\u00bb2806&Prime; img_size=\u00a0\u00bblarge\u00a0\u00bb][vc_wp_text title=\u00a0\u00bbNotre Entreprise et Avantages\u00a0\u00bb]\u00c9tablie en 1974, LCO &#8211; Construction and Management Consultants Inc. est une firme ind\u00e9pendante de professionnels de la construction sp\u00e9cialis\u00e9e dans la r\u00e9alisation de grands projets de construction. Nous offrons une vari\u00e9t\u00e9 de services en gestion de projets et de construction pour aider nos clients \u00e0 atteindre leurs objectifs. Ces services incluent la d\u00e9finition de projet, le d\u00e9veloppement de strat\u00e9gies, l&rsquo;assurance qualit\u00e9 de l&rsquo;ing\u00e9nierie, des solutions de conception rentables, l&rsquo;estimation des co\u00fbts, la gestion des co\u00fbts, la gestion des contrats, la planification, l&rsquo;analyse des risques, le d\u00e9veloppement de proc\u00e9dures, la pr\u00e9paration et l&rsquo;analyse des r\u00e9clamations, ainsi que l&rsquo;administration de projets.<\/p>\n<p>Actuellement, nous avons une \u00e9quipe d\u00e9vou\u00e9e de professionnels de la construction et de l&rsquo;ing\u00e9nierie avec des parcours diversifi\u00e9s dans les disciplines de gestion de projets et de construction.<\/p>\n<h2>\u00a0Avantages<\/h2>\n<p>En tant que consultant ind\u00e9pendant, LCO offre au client une perspective unique sur la valeur de leur projet de construction.<\/p>\n<p>LCO peut \u00eatre un facteur cl\u00e9 pour atteindre l&rsquo;objectif financier du client en fournissant ses services d&rsquo;estimation et de contr\u00f4le de projet \u00e0 chaque phase majeure du projet:<\/p>\n<ol>\n<li>Phase Budg\u00e9taire et de Planification: Des estimations de march\u00e9 \u00e9quitables sont traduites en budgets de construction et utilis\u00e9es pour n\u00e9gocier des contrats.<\/li>\n<li>Phase d&rsquo;Ex\u00e9cution: L&rsquo;\u00e9quipe de professionnels du contr\u00f4le de projet de LCO surveille l&rsquo;avancement de la construction pour identifier les risques et\/ou opportunit\u00e9s potentiels, aidant ainsi le client \u00e0 g\u00e9rer son projet.<\/li>\n<li>Phase de Cl\u00f4ture du Projet: L&rsquo;\u00e9quipe de LCO fournit des services d&rsquo;administration et de n\u00e9gociation de contrats qui assistent le client dans le processus de gestion des changements, des r\u00e9clamations et des exercices de r\u00e9cup\u00e9ration des co\u00fbts.<\/li>\n<\/ol>\n<p>En tant que professionnels des co\u00fbts de construction, LCO influence la rentabilit\u00e9 du projet, am\u00e9liorant ainsi sa performance globale et aidant le client \u00e0 r\u00e9aliser des \u00e9conomies maximales.[\/vc_wp_text][\/vc_column][\/vc_row][vc_row full_width=\u00a0\u00bbstretch_row\u00a0\u00bb css_animation=\u00a0\u00bbbounceInRight\u00a0\u00bb css=\u00a0\u00bb.vc_custom_1724571265981{margin-bottom: 10px !important;background-color: #2455bf !important;}\u00a0\u00bb][vc_column width=\u00a0\u00bb1\/4&Prime;][\/vc_column][vc_column width=\u00a0\u00bb1\/2&Prime;][vc_custom_heading text=\u00a0\u00bbContactez-nous pour des conseils d&rsquo;experts.\u00a0\u00bb font_container=\u00a0\u00bbtag:h2|text_align:center|color:%23ffffff\u00a0\u00bb use_theme_fonts=\u00a0\u00bbyes\u00a0\u00bb el_class=\u00a0\u00bbbottom-contact\u00a0\u00bb][vc_btn title=\u00a0\u00bbNOUS JOINDRE\u00a0\u00bb color=\u00a0\u00bbwhite\u00a0\u00bb align=\u00a0\u00bbcenter\u00a0\u00bb link=\u00a0\u00bburl:https%3A%2F%2Flcogroup.com%2Ffr%2Fnous-joindre%2F\u00a0\u00bb][\/vc_column][vc_column width=\u00a0\u00bb1\/4&Prime;][\/vc_column][\/vc_row]<\/p>\n<\/div>","protected":false},"excerpt":{"rendered":"<p>[vc_row][vc_column][vc_single_image image=\u00a0\u00bb2806&Prime; img_size=\u00a0\u00bblarge\u00a0\u00bb][vc_wp_text title=\u00a0\u00bbNotre Entreprise et Avantages\u00a0\u00bb]\u00c9tablie en 1974, LCO &#8211; Construction and Management Consultants Inc. est une firme ind\u00e9pendante de professionnels de la construction sp\u00e9cialis\u00e9e dans la r\u00e9alisation de grands projets de construction. Nous offrons une vari\u00e9t\u00e9 de services&#8230;<\/p>\n","protected":false},"author":1,"featured_media":0,"parent":0,"menu_order":0,"comment_status":"closed","ping_status":"closed","template":"","meta":{"footnotes":""},"class_list":["post-2712","page","type-page","status-publish","hentry"],"_links":{"self":[{"href":"https:\/\/lcogroup.com\/fr\/wp-json\/wp\/v2\/pages\/2712","targetHints":{"allow":["GET"]}}],"collection":[{"href":"https:\/\/lcogroup.com\/fr\/wp-json\/wp\/v2\/pages"}],"about":[{"href":"https:\/\/lcogroup.com\/fr\/wp-json\/wp\/v2\/types\/page"}],"author":[{"embeddable":true,"href":"https:\/\/lcogroup.com\/fr\/wp-json\/wp\/v2\/users\/1"}],"replies":[{"embeddable":true,"href":"https:\/\/lcogroup.com\/fr\/wp-json\/wp\/v2\/comments?post=2712"}],"version-history":[{"count":8,"href":"https:\/\/lcogroup.com\/fr\/wp-json\/wp\/v2\/pages\/2712\/revisions"}],"predecessor-version":[{"id":2997,"href":"https:\/\/lcogroup.com\/fr\/wp-json\/wp\/v2\/pages\/2712\/revisions\/2997"}],"wp:attachment":[{"href":"https:\/\/lcogroup.com\/fr\/wp-json\/wp\/v2\/media?parent=2712"}],"curies":[{"name":"wp","href":"https:\/\/api.w.org\/{rel}","templated":true}]}}