{"id":2704,"date":"2014-11-11T11:09:47","date_gmt":"2014-11-11T11:09:47","guid":{"rendered":"https:\/\/lcogroup.com\/home\/"},"modified":"2024-09-09T05:00:25","modified_gmt":"2024-09-09T05:00:25","slug":"home","status":"publish","type":"page","link":"https:\/\/lcogroup.com\/fr\/","title":{"rendered":"Home"},"content":{"rendered":"<div class=\"wpb-content-wrapper\"><p>[vc_row has_content=\u00a0\u00bbtrue\u00a0\u00bb][vc_column][rev_slider_vc alias=\u00a0\u00bbhome-1&Prime;][\/vc_column][\/vc_row][vc_row equal_height=\u00a0\u00bbyes\u00a0\u00bb css=\u00a0\u00bb.vc_custom_1699430094326{background-position: center !important;background-repeat: no-repeat !important;background-size: cover !important;}\u00a0\u00bb el_class=\u00a0\u00bbposition-top-over\u00a0\u00bb][vc_column width=\u00a0\u00bb1\/3&Prime; css=\u00a0\u00bb.vc_custom_1530278316047{background-color: #ffffff !important;}\u00a0\u00bb]<a href=\"https:\/\/lcogroup.com\/fr\/tous-les-services\/\" class=\"f-content f-content--style-2\"><div class=\"f-content__image\"><img loading=\"lazy\" decoding=\"async\" width=\"1000\" height=\"563\" src=\"https:\/\/lcogroup.com\/wp-content\/uploads\/2024\/05\/Financial-inst-final.jpg\" class=\"attachment-full size-full\" alt=\"\" srcset=\"https:\/\/lcogroup.com\/wp-content\/uploads\/2024\/05\/Financial-inst-final.jpg 1000w, https:\/\/lcogroup.com\/wp-content\/uploads\/2024\/05\/Financial-inst-final-300x169.jpg 300w, https:\/\/lcogroup.com\/wp-content\/uploads\/2024\/05\/Financial-inst-final-768x432.jpg 768w, https:\/\/lcogroup.com\/wp-content\/uploads\/2024\/05\/Financial-inst-final-370x208.jpg 370w, https:\/\/lcogroup.com\/wp-content\/uploads\/2024\/05\/Financial-inst-final-360x203.jpg 360w\" sizes=\"auto, (max-width: 1000px) 100vw, 1000px\" \/><\/div><div class=\"f-content__wrap\"><div class=\"f-content__inner-wrap\"><div class=\"f-content__icon\" style=\"background-color:#ffffff;\"><img loading=\"lazy\" decoding=\"async\" width=\"1200\" height=\"1200\" src=\"https:\/\/lcogroup.com\/wp-content\/uploads\/2023\/11\/financial-icon.jpg\" class=\"attachment-full size-full\" alt=\"\" srcset=\"https:\/\/lcogroup.com\/wp-content\/uploads\/2023\/11\/financial-icon.jpg 1200w, https:\/\/lcogroup.com\/wp-content\/uploads\/2023\/11\/financial-icon-300x300.jpg 300w, https:\/\/lcogroup.com\/wp-content\/uploads\/2023\/11\/financial-icon-1024x1024.jpg 1024w, https:\/\/lcogroup.com\/wp-content\/uploads\/2023\/11\/financial-icon-150x150.jpg 150w, https:\/\/lcogroup.com\/wp-content\/uploads\/2023\/11\/financial-icon-768x768.jpg 768w, https:\/\/lcogroup.com\/wp-content\/uploads\/2023\/11\/financial-icon-360x360.jpg 360w\" sizes=\"auto, (max-width: 1200px) 100vw, 1200px\" \/><\/div><div class=\"f-content__title\">Institutions Financi\u00e8res<\/div><div class=\"f-content__divider\" style=\"background-color:#ffffff;\"><\/div><\/div><div class=\"f-content__content\"><\/div><\/div><\/a>[\/vc_column][vc_column width=\u00a0\u00bb1\/3&Prime; css=\u00a0\u00bb.vc_custom_1530278321487{background-color: #ffffff !important;}\u00a0\u00bb]<a href=\"https:\/\/lcogroup.com\/fr\/tous-les-services\/\" class=\"f-content f-content--style-2\"><div class=\"f-content__image\"><img loading=\"lazy\" decoding=\"async\" width=\"1000\" height=\"667\" src=\"https:\/\/lcogroup.com\/wp-content\/uploads\/2024\/05\/contractors-develp-main-page-final.jpg\" class=\"attachment-full size-full\" alt=\"\" srcset=\"https:\/\/lcogroup.com\/wp-content\/uploads\/2024\/05\/contractors-develp-main-page-final.jpg 1000w, https:\/\/lcogroup.com\/wp-content\/uploads\/2024\/05\/contractors-develp-main-page-final-300x200.jpg 300w, https:\/\/lcogroup.com\/wp-content\/uploads\/2024\/05\/contractors-develp-main-page-final-768x512.jpg 768w, https:\/\/lcogroup.com\/wp-content\/uploads\/2024\/05\/contractors-develp-main-page-final-370x247.jpg 370w, https:\/\/lcogroup.com\/wp-content\/uploads\/2024\/05\/contractors-develp-main-page-final-360x240.jpg 360w\" sizes=\"auto, (max-width: 1000px) 100vw, 1000px\" \/><\/div><div class=\"f-content__wrap\"><div class=\"f-content__inner-wrap\"><div class=\"f-content__icon\" style=\"background-color:#ffffff;\"><img loading=\"lazy\" decoding=\"async\" width=\"512\" height=\"512\" src=\"https:\/\/lcogroup.com\/wp-content\/uploads\/2023\/11\/bank_building.png\" class=\"attachment-full size-full\" alt=\"\" srcset=\"https:\/\/lcogroup.com\/wp-content\/uploads\/2023\/11\/bank_building.png 512w, https:\/\/lcogroup.com\/wp-content\/uploads\/2023\/11\/bank_building-300x300.png 300w, https:\/\/lcogroup.com\/wp-content\/uploads\/2023\/11\/bank_building-150x150.png 150w, https:\/\/lcogroup.com\/wp-content\/uploads\/2023\/11\/bank_building-360x360.png 360w\" sizes=\"auto, (max-width: 512px) 100vw, 512px\" \/><\/div><div class=\"f-content__title\">D\u00e9veloppeurs et Entrepreneurs<\/div><div class=\"f-content__divider\" style=\"background-color:#ffffff;\"><\/div><\/div><div class=\"f-content__content\"><\/div><\/div><\/a>[\/vc_column][vc_column width=\u00a0\u00bb1\/3&Prime;]<a href=\"https:\/\/lcogroup.com\/fr\/tous-les-services\/\" class=\"f-content f-content--style-2\"><div class=\"f-content__image\"><img loading=\"lazy\" decoding=\"async\" width=\"1000\" height=\"667\" src=\"https:\/\/lcogroup.com\/wp-content\/uploads\/2024\/05\/Lawyers-and-Professionals-final.jpg\" class=\"attachment-full size-full\" alt=\"\" srcset=\"https:\/\/lcogroup.com\/wp-content\/uploads\/2024\/05\/Lawyers-and-Professionals-final.jpg 1000w, https:\/\/lcogroup.com\/wp-content\/uploads\/2024\/05\/Lawyers-and-Professionals-final-300x200.jpg 300w, https:\/\/lcogroup.com\/wp-content\/uploads\/2024\/05\/Lawyers-and-Professionals-final-768x512.jpg 768w, https:\/\/lcogroup.com\/wp-content\/uploads\/2024\/05\/Lawyers-and-Professionals-final-370x247.jpg 370w, https:\/\/lcogroup.com\/wp-content\/uploads\/2024\/05\/Lawyers-and-Professionals-final-360x240.jpg 360w\" sizes=\"auto, (max-width: 1000px) 100vw, 1000px\" \/><\/div><div class=\"f-content__wrap\"><div class=\"f-content__inner-wrap\"><div class=\"f-content__icon\" style=\"background-color:#ffffff;\"><img loading=\"lazy\" decoding=\"async\" width=\"200\" height=\"200\" src=\"https:\/\/lcogroup.com\/wp-content\/uploads\/2023\/11\/claims-icon1.png\" class=\"attachment-full size-full\" alt=\"\" srcset=\"https:\/\/lcogroup.com\/wp-content\/uploads\/2023\/11\/claims-icon1.png 200w, https:\/\/lcogroup.com\/wp-content\/uploads\/2023\/11\/claims-icon1-150x150.png 150w\" sizes=\"auto, (max-width: 200px) 100vw, 200px\" \/><\/div><div class=\"f-content__title\">Avocats et Professionnels en construction<\/div><div class=\"f-content__divider\" style=\"background-color:#ffffff;\"><\/div><\/div><div class=\"f-content__content\"><\/div><\/div><\/a>[\/vc_column][\/vc_row][vc_row full_width=\u00a0\u00bbstretch_row\u00a0\u00bb content_placement=\u00a0\u00bbmiddle\u00a0\u00bb css=\u00a0\u00bb.vc_custom_1708010146686{padding-top: 35px !important;padding-bottom: 35px !important;background-color: #2455bf !important;}\u00a0\u00bb][vc_column width=\u00a0\u00bb1\/2&Prime; offset=\u00a0\u00bbvc_col-lg-9 vc_col-md-8&Prime;][vc_custom_heading text=\u00a0\u00bbTrouvez une solution personnalis\u00e9e pour vous!\u00a0\u00bb font_container=\u00a0\u00bbtag:h2|text_align:left|color:%23ffffff\u00a0\u00bb use_theme_fonts=\u00a0\u00bbyes\u00a0\u00bb css_animation=\u00a0\u00bbzoomIn\u00a0\u00bb][\/vc_column][vc_column width=\u00a0\u00bb1\/2&Prime; offset=\u00a0\u00bbvc_col-lg-3 vc_col-md-4&Prime; el_class=\u00a0\u00bbtext-center\u00a0\u00bb]<a target=\"_self\" href=\"https:\/\/lcogroup.com\/fr\/formulaire\/\" class=\"btn  btn-lg style-3\" id=\"custom-id-0\" style=\"color: #224ebf;background-color: #ffffff;border-color: #ffffff;\">Cliquez ici<\/a>[\/vc_column][\/vc_row][vc_row full_width=\u00a0\u00bbstretch_row\u00a0\u00bb content_placement=\u00a0\u00bbmiddle\u00a0\u00bb parallax=\u00a0\u00bbcontent-moving\u00a0\u00bb parallax_image=\u00a0\u00bb1843&Prime; css=\u00a0\u00bb.vc_custom_1699432082817{padding-top: 40px !important;background-color: #ffffff !important;}\u00a0\u00bb][vc_column width=\u00a0\u00bb1\/2&Prime; css=\u00a0\u00bb.vc_custom_1699431965761{background-color: #ffffff !important;}\u00a0\u00bb][vc_single_image image=\u00a0\u00bb2159&Prime; img_size=\u00a0\u00bbfull\u00a0\u00bb alignment=\u00a0\u00bbcenter\u00a0\u00bb css=\u00a0\u00bb.vc_custom_1713363793730{margin-bottom: 0px !important;}\u00a0\u00bb][\/vc_column][vc_column width=\u00a0\u00bb1\/2&Prime; css=\u00a0\u00bb.vc_custom_1699431974377{background-color: #ffffff !important;}\u00a0\u00bb][vc_custom_heading text=\u00a0\u00bbNotre Entreprise et Avantages\u00a0\u00bb font_container=\u00a0\u00bbtag:h3|font_size:42px|text_align:left|line_height:46px\u00a0\u00bb use_theme_fonts=\u00a0\u00bbyes\u00a0\u00bb][vc_column_text]\u00c9tablie en 1974, LCO &#8211; Construction and Management Consultants Inc. est une firme ind\u00e9pendante de professionnels de la construction sp\u00e9cialis\u00e9e dans la r\u00e9alisation de grands projets de construction. Nous offrons une vari\u00e9t\u00e9 de services en gestion de projets et de construction pour aider nos clients \u00e0 atteindre leurs objectifs. Ces services incluent la d\u00e9finition de projet, le d\u00e9veloppement de strat\u00e9gies, l&rsquo;assurance qualit\u00e9 de l&rsquo;ing\u00e9nierie, des solutions de conception rentables, l&rsquo;estimation des co\u00fbts, la gestion des co\u00fbts, la gestion des contrats, la planification, l&rsquo;analyse des risques, le d\u00e9veloppement de proc\u00e9dures, la pr\u00e9paration et l&rsquo;analyse des r\u00e9clamations, ainsi que l&rsquo;administration de projets.[\/vc_column_text][vc_empty_space height=\u00a0\u00bb20px\u00a0\u00bb]<a target=\"_self\" href=\"https:\/\/lcogroup.com\/fr\/notre-entreprise-avantages\/\" class=\"btn  btn-sm style-1\" id=\"custom-id-1\" style=\"background-color: #2455bf;\">En savoir plus<\/a>[vc_empty_space height=\u00a0\u00bb40px\u00a0\u00bb][\/vc_column][\/vc_row][vc_row css=\u00a0\u00bb.vc_custom_1530169227000{margin-top: 50px !important;margin-bottom: 60px !important;}\u00a0\u00bb][vc_column offset=\u00a0\u00bbvc_col-md-offset-2 vc_col-md-8&Prime;][vc_custom_heading text=\u00a0\u00bbServices\u00a0\u00bb font_container=\u00a0\u00bbtag:h3|font_size:32|text_align:center\u00a0\u00bb use_theme_fonts=\u00a0\u00bbyes\u00a0\u00bb][\/vc_column][\/vc_row][vc_row full_width=\u00a0\u00bbstretch_row\u00a0\u00bb gap=\u00a0\u00bb30&Prime; content_placement=\u00a0\u00bbtop\u00a0\u00bb][vc_column width=\u00a0\u00bb1\/4&Prime; css=\u00a0\u00bb.vc_custom_1530183168151{margin-bottom: 40px !important;border-top-width: 1px !important;border-right-width: 1px !important;border-bottom-width: 1px !important;border-left-width: 1px !important;padding-right: 10px !important;padding-left: 10px !important;border-left-color: #e6e8e8 !important;border-left-style: solid !important;border-right-color: #e6e8e8 !important;border-right-style: solid !important;border-top-color: #e6e8e8 !important;border-top-style: solid !important;border-bottom-color: #e6e8e8 !important;border-bottom-style: solid !important;}\u00a0\u00bb]<a href=\"https:\/\/lcogroup.com\/fr\/services-monitorage\/\" class=\"f-content f-content--style-1\"><div class=\"f-content__image\"><\/div><div class=\"f-content__wrap\"><div class=\"f-content__inner-wrap\"><div class=\"f-content__icon\" style=\"color:#363636;background-color:#ffffff;\"><i class=\"\"><\/i><\/div><div class=\"f-content__title\">Services de Monitorage<\/div><div class=\"f-content__divider\" style=\"background-color:#ffcc43;\"><\/div><\/div><div class=\"f-content__content\">Gardez votre projet de construction sur la bonne voie et dans le budget gr\u00e2ce au processus m\u00e9ticuleux de Monitorage en deux \u00e9tapes de LCO. Contactez-nous pour des conseils d&rsquo;experts.<\/div><\/div><\/a>[\/vc_column][vc_column width=\u00a0\u00bb1\/4&Prime; css=\u00a0\u00bb.vc_custom_1530183173272{margin-bottom: 40px !important;border-top-width: 1px !important;border-right-width: 1px !important;border-bottom-width: 1px !important;border-left-width: 1px !important;border-left-color: #e6e8e8 !important;border-left-style: solid !important;border-right-color: #e6e8e8 !important;border-right-style: solid !important;border-top-color: #e6e8e8 !important;border-top-style: solid !important;border-bottom-color: #e6e8e8 !important;border-bottom-style: solid !important;}\u00a0\u00bb]<a href=\"https:\/\/lcogroup.com\/fr\/services-estimation\/\" class=\"f-content f-content--style-1\"><div class=\"f-content__image\"><\/div><div class=\"f-content__wrap\"><div class=\"f-content__inner-wrap\"><div class=\"f-content__icon\" style=\"color:#363636;background-color:#ffffff;\"><i class=\"\"><\/i><\/div><div class=\"f-content__title\">Service d'Estimation<\/div><div class=\"f-content__divider\" style=\"background-color:#ffcc43;\"><\/div><\/div><div class=\"f-content__content\">Choisir LCO signifie obtenir des \u00e9valuations impartiales. Nous sommes d\u00e9di\u00e9s \u00e0 la gestion des risques du projet, de l&rsquo;initiation \u00e0 la cl\u00f4ture.<\/p>\n<div style=\"margin-bottom: 50px;\"><span style=\"display: none;\">.<\/span><\/div>\n<p><\/div><\/div><\/a>[\/vc_column][vc_column width=\u00a0\u00bb1\/4&Prime; css=\u00a0\u00bb.vc_custom_1530183177262{margin-bottom: 40px !important;border-top-width: 1px !important;border-right-width: 1px !important;border-bottom-width: 1px !important;border-left-width: 1px !important;border-left-color: #e6e8e8 !important;border-left-style: solid !important;border-right-color: #e6e8e8 !important;border-right-style: solid !important;border-top-color: #e6e8e8 !important;border-top-style: solid !important;border-bottom-color: #e6e8e8 !important;border-bottom-style: solid !important;}\u00a0\u00bb]<a href=\"https:\/\/lcogroup.com\/fr\/controle-projet\/\" class=\"f-content f-content--style-1\"><div class=\"f-content__image\"><\/div><div class=\"f-content__wrap\"><div class=\"f-content__inner-wrap\"><div class=\"f-content__icon\" style=\"color:#363636;background-color:#ffffff;\"><i class=\"\"><\/i><\/div><div class=\"f-content__title\">Contr\u00f4le de Projet<\/div><div class=\"f-content__divider\" style=\"background-color:#ffcc43;\"><\/div><\/div><div class=\"f-content__content\">Nous sommes sp\u00e9cialis\u00e9s dans la fourniture d&rsquo;une expertise in\u00e9gal\u00e9e en surveillance, contr\u00f4le et optimisation de votre projet, garantissant le succ\u00e8s \u00e0 chaque \u00e9tape.<\/p>\n<div style=\"margin-bottom: 25px;\"><span style=\"display: none;\">.<\/span><\/div>\n<p><\/div><\/div><\/a>[\/vc_column][vc_column width=\u00a0\u00bb1\/4&Prime; css=\u00a0\u00bb.vc_custom_1712151607363{margin-bottom: 40px !important;border-top-width: 1px !important;border-right-width: 1px !important;border-bottom-width: 1px !important;border-left-width: 1px !important;border-left-color: #dbdbdb !important;border-left-style: solid !important;border-right-color: #dbdbdb !important;border-right-style: solid !important;border-top-color: #dbdbdb !important;border-top-style: solid !important;border-bottom-color: #dbdbdb !important;border-bottom-style: solid !important;}\u00a0\u00bb]<a href=\"https:\/\/lcogroup.com\/fr\/services-reclamations-construction\/\" class=\"f-content f-content--style-1\"><div class=\"f-content__image\"><\/div><div class=\"f-content__wrap\"><div class=\"f-content__inner-wrap\"><div class=\"f-content__icon\" style=\"color:#363636;background-color:#ffffff;\"><i class=\"\"><\/i><\/div><div class=\"f-content__title\">R\u00e9clamations en Construction<\/div><div class=\"f-content__divider\" style=\"background-color:#ffcc43;\"><\/div><\/div><div class=\"f-content__content\">Faites confiance aux capacit\u00e9s d&rsquo;analyse \u00e9tendues de LCO pour une approche compl\u00e8te et syst\u00e9matique de la r\u00e9solution des r\u00e9clamations.<br \/>\n<\/div><\/div><\/a>[\/vc_column][\/vc_row][vc_row full_width=\u00a0\u00bbstretch_row\u00a0\u00bb parallax=\u00a0\u00bbcontent-moving\u00a0\u00bb parallax_image=\u00a0\u00bb1843&Prime; disable_element=\u00a0\u00bbyes\u00a0\u00bb css=\u00a0\u00bb.vc_custom_1712150858126{margin-top: 70px !important;padding-top: 60px !important;padding-bottom: 70px !important;}\u00a0\u00bb has_content=\u00a0\u00bbtrue\u00a0\u00bb][vc_column][vc_custom_heading text=\u00a0\u00bbWhat People Say About Us\u00a0\u00bb font_container=\u00a0\u00bbtag:h3|font_size:28|text_align:center\u00a0\u00bb use_theme_fonts=\u00a0\u00bbyes\u00a0\u00bb][vc_empty_space height=\u00a0\u00bb20px\u00a0\u00bb]<div class=\"container\"><div data-col=\"1\" data-autoplay=\"true\"  data-autoplay-pause=\"true\" data-autoplay-timeout=\"5000\" data-nav=\"true\" class=\"testimonials-modern testimonials-modern--bullets owl-carousel\"><div class=\"testimonial-modern\"><span class=\"testimonial-modern__quote\"><\/span><div class=\"testimonial-modern__image\"><img loading=\"lazy\" decoding=\"async\" width=\"256\" height=\"256\" src=\"https:\/\/lcogroup.com\/wp-content\/uploads\/2023\/11\/avatar1.webp\" class=\"attachment-full size-full\" alt=\"\" srcset=\"https:\/\/lcogroup.com\/wp-content\/uploads\/2023\/11\/avatar1.webp 256w, https:\/\/lcogroup.com\/wp-content\/uploads\/2023\/11\/avatar1-150x150.webp 150w\" sizes=\"auto, (max-width: 256px) 100vw, 256px\" \/><\/div><div class=\"testimonial-modern__text\">We truly appreciate your commitment on this project. I wanted to acknowledge the satisfaction on our remodel. I must give a 100% satisfied mark as you not only finished the job early and under budget.<\/div><\/div><div class=\"testimonial-modern\"><span class=\"testimonial-modern__quote\"><\/span><div class=\"testimonial-modern__image\"><img loading=\"lazy\" decoding=\"async\" width=\"225\" height=\"225\" src=\"https:\/\/lcogroup.com\/wp-content\/uploads\/2023\/11\/avatar2.png\" class=\"attachment-full size-full\" alt=\"\" srcset=\"https:\/\/lcogroup.com\/wp-content\/uploads\/2023\/11\/avatar2.png 225w, https:\/\/lcogroup.com\/wp-content\/uploads\/2023\/11\/avatar2-150x150.png 150w\" sizes=\"auto, (max-width: 225px) 100vw, 225px\" \/><\/div><div class=\"testimonial-modern__text\">We truly appreciate your commitment on this project. I wanted to acknowledge the satisfaction on our remodel. I must give a 100% satisfied mark as you not only finished the job early and under budget.<\/div><\/div><\/div><\/div>[\/vc_column][\/vc_row][vc_row][vc_column][vc_empty_space height=\u00a0\u00bb20px\u00a0\u00bb][vc_raw_html]JTVCbG9nb2Nhcm91c2VsJTIwaWQlM0QlMjIxOTQ4JTIyJTVE[\/vc_raw_html][vc_empty_space height=\u00a0\u00bb40px\u00a0\u00bb][\/vc_column][\/vc_row][vc_row][vc_column][vc_column_text]<\/p>\n<p>[\/vc_column_text][\/vc_column][\/vc_row]<\/p>\n<\/div>","protected":false},"excerpt":{"rendered":"<p>[vc_row has_content=\u00a0\u00bbtrue\u00a0\u00bb][vc_column][rev_slider_vc alias=\u00a0\u00bbhome-1&Prime;][\/vc_column][\/vc_row][vc_row equal_height=\u00a0\u00bbyes\u00a0\u00bb css=\u00a0\u00bb.vc_custom_1699430094326{background-position: center !important;background-repeat: no-repeat !important;background-size: cover !important;}\u00a0\u00bb el_class=\u00a0\u00bbposition-top-over\u00a0\u00bb][vc_column width=\u00a0\u00bb1\/3&Prime; css=\u00a0\u00bb.vc_custom_1530278316047{background-color: #ffffff !important;}\u00a0\u00bb][\/vc_column][vc_column width=\u00a0\u00bb1\/3&Prime; css=\u00a0\u00bb.vc_custom_1530278321487{background-color: #ffffff !important;}\u00a0\u00bb][\/vc_column][vc_column width=\u00a0\u00bb1\/3&Prime;][\/vc_column][\/vc_row][vc_row full_width=\u00a0\u00bbstretch_row\u00a0\u00bb content_placement=\u00a0\u00bbmiddle\u00a0\u00bb css=\u00a0\u00bb.vc_custom_1708010146686{padding-top: 35px !important;padding-bottom: 35px !important;background-color: #2455bf !important;}\u00a0\u00bb][vc_column width=\u00a0\u00bb1\/2&Prime; offset=\u00a0\u00bbvc_col-lg-9 vc_col-md-8&Prime;][vc_custom_heading text=\u00a0\u00bbTrouvez une solution personnalis\u00e9e pour vous!\u00a0\u00bb font_container=\u00a0\u00bbtag:h2|text_align:left|color:%23ffffff\u00a0\u00bb&#8230;<\/p>\n","protected":false},"author":1,"featured_media":0,"parent":0,"menu_order":0,"comment_status":"open","ping_status":"open","template":"","meta":{"footnotes":""},"class_list":["post-2704","page","type-page","status-publish","hentry"],"_links":{"self":[{"href":"https:\/\/lcogroup.com\/fr\/wp-json\/wp\/v2\/pages\/2704","targetHints":{"allow":["GET"]}}],"collection":[{"href":"https:\/\/lcogroup.com\/fr\/wp-json\/wp\/v2\/pages"}],"about":[{"href":"https:\/\/lcogroup.com\/fr\/wp-json\/wp\/v2\/types\/page"}],"author":[{"embeddable":true,"href":"https:\/\/lcogroup.com\/fr\/wp-json\/wp\/v2\/users\/1"}],"replies":[{"embeddable":true,"href":"https:\/\/lcogroup.com\/fr\/wp-json\/wp\/v2\/comments?post=2704"}],"version-history":[{"count":31,"href":"https:\/\/lcogroup.com\/fr\/wp-json\/wp\/v2\/pages\/2704\/revisions"}],"predecessor-version":[{"id":2972,"href":"https:\/\/lcogroup.com\/fr\/wp-json\/wp\/v2\/pages\/2704\/revisions\/2972"}],"wp:attachment":[{"href":"https:\/\/lcogroup.com\/fr\/wp-json\/wp\/v2\/media?parent=2704"}],"curies":[{"name":"wp","href":"https:\/\/api.w.org\/{rel}","templated":true}]}}